{"id":39,"date":"2026-01-22T23:33:54","date_gmt":"2026-01-22T22:33:54","guid":{"rendered":"http:\/\/argosnyaritabor.hu\/?page_id=39"},"modified":"2026-01-22T23:33:54","modified_gmt":"2026-01-22T22:33:54","slug":"kapcsolat","status":"publish","type":"page","link":"https:\/\/argosnyaritabor.hu\/?page_id=39","title":{"rendered":"Kapcsolat"},"content":{"rendered":"\n<h2 class=\"wp-block-heading\">\ud83d\udcde Kapcsolat<\/h2>\n\n\n\n<p>Ha k\u00e9rd\u00e9sed van a t\u00e1borral, jelentkez\u00e9ssel vagy programokkal kapcsolatban, keress minket bizalommal!<\/p>\n\n\n\n<hr class=\"wp-block-separator has-alpha-channel-opacity\"\/>\n\n\n\n<h3 class=\"wp-block-heading\">\u260e\ufe0f Telefonsz\u00e1m<\/h3>\n\n\n\n<p><strong>06 20 283 3614<\/strong><br>(H\u00e9tk\u00f6znap el\u00e9rhet\u0151, program k\u00f6zben visszah\u00edvunk)<\/p>\n\n\n\n<hr class=\"wp-block-separator has-alpha-channel-opacity\"\/>\n\n\n\n<h3 class=\"wp-block-heading\">\u2709\ufe0f E-mail<\/h3>\n\n\n\n<p><strong><a>argosallatvedo@gmail.com<\/a><\/strong><br>\u00cdr\u00e1sos megkeres\u00e9sre minden esetben v\u00e1laszolunk.<\/p>\n\n\n\n<hr class=\"wp-block-separator has-alpha-channel-opacity\"\/>\n\n\n\n<h3 class=\"wp-block-heading\">\ud83d\udcd8 Facebook oldal<\/h3>\n\n\n\n<p>K\u00f6vess minket a Facebookon, ahol h\u00edreket, friss inform\u00e1ci\u00f3kat \u00e9s k\u00e9peket is megosztunk a t\u00e1bor \u00e9let\u00e9b\u0151l:<\/p>\n\n\n\n<p><a href=\"https:\/\/www.facebook.com\/argosegyesulet\" data-type=\"link\" data-id=\"https:\/\/www.facebook.com\/argosegyesulet\">Argos \u00c1llatv\u00e9delmi Egyes\u00fclet <\/a><\/p>\n\n\n\n<p><a href=\"https:\/\/www.facebook.com\/argoskutyaiskola\" data-type=\"link\" data-id=\"https:\/\/www.facebook.com\/argoskutyaiskola\">Argos Kutyaiskola <\/a><\/p>\n\n\n\n<p><a href=\"https:\/\/www.facebook.com\/profile.php?id=61577800036499\" data-type=\"link\" data-id=\"https:\/\/www.facebook.com\/profile.php?id=61577800036499\">Argos Ny\u00e1ri T\u00e1bor<\/a><\/p>\n","protected":false},"excerpt":{"rendered":"<p>\ud83d\udcde Kapcsolat Ha k\u00e9rd\u00e9sed van a t\u00e1borral, jelentkez\u00e9ssel vagy programokkal kapcsolatban, keress minket bizalommal! \u260e\ufe0f Telefonsz\u00e1m 06 20 283 3614(H\u00e9tk\u00f6znap el\u00e9rhet\u0151, program k\u00f6zben visszah\u00edvunk) \u2709\ufe0f E-mail argosallatvedo@gmail.com\u00cdr\u00e1sos megkeres\u00e9sre minden esetben v\u00e1laszolunk. \ud83d\udcd8 Facebook oldal K\u00f6vess minket a Facebookon, ahol h\u00edreket, friss inform\u00e1ci\u00f3kat \u00e9s k\u00e9peket is megosztunk a t\u00e1bor \u00e9let\u00e9b\u0151l: Argos \u00c1llatv\u00e9delmi Egyes\u00fclet Argos Kutyaiskola Argos Ny\u00e1ri T\u00e1bor<\/p>\n","protected":false},"author":1,"featured_media":0,"parent":0,"menu_order":0,"comment_status":"closed","ping_status":"closed","template":"","meta":{"footnotes":""},"class_list":["post-39","page","type-page","status-publish","hentry"],"_links":{"self":[{"href":"https:\/\/argosnyaritabor.hu\/index.php?rest_route=\/wp\/v2\/pages\/39","targetHints":{"allow":["GET"]}}],"collection":[{"href":"https:\/\/argosnyaritabor.hu\/index.php?rest_route=\/wp\/v2\/pages"}],"about":[{"href":"https:\/\/argosnyaritabor.hu\/index.php?rest_route=\/wp\/v2\/types\/page"}],"author":[{"embeddable":true,"href":"https:\/\/argosnyaritabor.hu\/index.php?rest_route=\/wp\/v2\/users\/1"}],"replies":[{"embeddable":true,"href":"https:\/\/argosnyaritabor.hu\/index.php?rest_route=%2Fwp%2Fv2%2Fcomments&post=39"}],"version-history":[{"count":1,"href":"https:\/\/argosnyaritabor.hu\/index.php?rest_route=\/wp\/v2\/pages\/39\/revisions"}],"predecessor-version":[{"id":40,"href":"https:\/\/argosnyaritabor.hu\/index.php?rest_route=\/wp\/v2\/pages\/39\/revisions\/40"}],"wp:attachment":[{"href":"https:\/\/argosnyaritabor.hu\/index.php?rest_route=%2Fwp%2Fv2%2Fmedia&parent=39"}],"curies":[{"name":"wp","href":"https:\/\/api.w.org\/{rel}","templated":true}]}}