{"id":35,"date":"2026-01-22T23:28:46","date_gmt":"2026-01-22T22:28:46","guid":{"rendered":"http:\/\/argosnyaritabor.hu\/?page_id=35"},"modified":"2026-01-23T11:38:54","modified_gmt":"2026-01-23T10:38:54","slug":"jelentkezes-regisztracio","status":"publish","type":"page","link":"https:\/\/argosnyaritabor.hu\/?page_id=35","title":{"rendered":"Jelentkez\u00e9s \/ Regisztr\u00e1ci\u00f3"},"content":{"rendered":"\n<h2 class=\"wp-block-heading\">\u2b50 Jelentkez\u00e9s \/ Regisztr\u00e1ci\u00f3<\/h2>\n\n\n\n<p>A jelentkez\u00e9s <strong>gyors, egyszer\u0171 \u00e9s k\u00f6telezetts\u00e9g n\u00e9lk\u00fcli<\/strong>.<br>Az online \u0171rlap kit\u00f6lt\u00e9se m\u00e9g <strong>nem jelent automatikus helyfoglal\u00e1st<\/strong>, kiz\u00e1r\u00f3lag el\u0151regisztr\u00e1ci\u00f3.<\/p>\n\n\n\n<hr class=\"wp-block-separator has-alpha-channel-opacity\"\/>\n\n\n\n<h2 class=\"wp-block-heading\">\ud83d\udcdd Online jelentkez\u00e9si \u0171rlap<\/h2>\n\n\n\n<p>A t\u00e1borba val\u00f3 jelentkez\u00e9s az <strong>online jelentkez\u00e9si \u0171rlap<\/strong> kit\u00f6lt\u00e9s\u00e9vel t\u00f6rt\u00e9nik.<\/p>\n\n\n\n<p class=\"has-text-align-left\"><strong><code><a href=\"https:\/\/docs.google.com\/forms\/d\/1dxMFw_xUDn5r92eH_GlfBiE0yIu-xZXclLLab89FzH8\/edit?fbclid=IwY2xjawPf7PFleHRuA2FlbQIxMABicmlkETBNWmpweWVVWFpsN1NZZ0U4c3J0YwZhcHBfaWQQMjIyMDM5MTc4ODIwMDg5MgABHio8OKCfwn37UYCL9G5QNg4YZVlyspq_wZLYWJCxMsahTDjnfx1N9dQnHLK6_aem_49qJHIEFJe7cLhWLY1a5iQ\" data-type=\"link\" data-id=\"https:\/\/docs.google.com\/forms\/d\/1dxMFw_xUDn5r92eH_GlfBiE0yIu-xZXclLLab89FzH8\/edit?fbclid=IwY2xjawPf7PFleHRuA2FlbQIxMABicmlkETBNWmpweWVVWFpsN1NZZ0U4c3J0YwZhcHBfaWQQMjIyMDM5MTc4ODIwMDg5MgABHio8OKCfwn37UYCL9G5QNg4YZVlyspq_wZLYWJCxMsahTDjnfx1N9dQnHLK6_aem_49qJHIEFJe7cLhWLY1a5iQ\" target=\"_blank\" rel=\"noreferrer noopener\">El\u0151regisztr\u00e1lni ide kattintva lehet!<\/a><\/code><\/strong><\/p>\n\n\n\n<p class=\"has-text-align-left\">Az el\u0151regisztr\u00e1ci\u00f3 nem j\u00e1r k\u00f6telezetts\u00e9ggel. Regisztr\u00e1ci\u00f3 ut\u00e1n k\u00fcldj\u00fck a r\u00e9szletes tudnival\u00f3kat, programokat. <\/p>\n\n\n\n<p>Az \u0171rlapon az al\u00e1bbi adatokat k\u00e9rj\u00fck megadni:<\/p>\n\n\n\n<ul class=\"wp-block-list\">\n<li>a gyermek adatai<\/li>\n\n\n\n<li>a sz\u00fcl\u0151 \/ t\u00f6rv\u00e9nyes k\u00e9pvisel\u0151 el\u00e9rhet\u0151s\u00e9gei<\/li>\n\n\n\n<li>v\u00e1lasztott turnus(ok)<\/li>\n\n\n\n<li>fontos eg\u00e9szs\u00e9g\u00fcgyi, \u00e9tkez\u00e9si vagy egy\u00e9ni inform\u00e1ci\u00f3k<\/li>\n<\/ul>\n\n\n\n<p>\ud83d\udc49 Az \u0171rlap kit\u00f6lt\u00e9se <strong>nem j\u00e1r fizet\u00e9si k\u00f6telezetts\u00e9ggel<\/strong>.<\/p>\n\n\n\n<hr class=\"wp-block-separator has-alpha-channel-opacity\"\/>\n\n\n\n<h2 class=\"wp-block-heading\">\u2139\ufe0f Fontos tudnival\u00f3k<\/h2>\n\n\n\n<ul class=\"wp-block-list\">\n<li>A t\u00e1bori helyek sz\u00e1ma <strong>korl\u00e1tozott<\/strong>, a jelentkez\u00e9seket \u00e9rkez\u00e9si sorrendben dolgozzuk fel<\/li>\n\n\n\n<li>A t\u00e1bori hely <strong>el\u0151leg befizet\u00e9s\u00e9vel<\/strong> v\u00e1lik v\u00e9glegess\u00e9<\/li>\n\n\n\n<li>Az el\u0151regisztr\u00e1ci\u00f3 <strong>nem azonos a helyfoglal\u00e1ssal<\/strong><\/li>\n\n\n\n<li>A r\u00e9szv\u00e9tel felt\u00e9tele az <strong>\u00c1ltal\u00e1nos Szerz\u0151d\u00e9si Felt\u00e9telek (\u00c1SZF)<\/strong> elfogad\u00e1sa<\/li>\n<\/ul>\n\n\n\n<p>\ud83d\udccc K\u00e9rj\u00fck, hogy az \u0171rlapon minden fontos inform\u00e1ci\u00f3t pontosan t\u00f6ltsenek ki, hogy a gyermek a lehet\u0151 legnagyobb biztons\u00e1gban vehessen r\u00e9szt a t\u00e1borban.<\/p>\n\n\n\n<hr class=\"wp-block-separator has-alpha-channel-opacity\"\/>\n\n\n\n<h2 class=\"wp-block-heading\">\ud83d\udce7 Visszaigazol\u00e1s menete<\/h2>\n\n\n\n<p>Az online jelentkez\u00e9st k\u00f6vet\u0151en:<\/p>\n\n\n\n<p>1\ufe0f\u20e3 A sz\u00fcl\u0151 <strong>visszaigazol\u00f3 e-mailt kap<\/strong>, amely tartalmazza:<\/p>\n\n\n\n<ul class=\"wp-block-list\">\n<li>a jelentkez\u00e9s visszaigazol\u00e1s\u00e1t<\/li>\n\n\n\n<li>a kiv\u00e1lasztott turnus adatait<\/li>\n\n\n\n<li>a fizet\u00e9ssel kapcsolatos inform\u00e1ci\u00f3kat<\/li>\n\n\n\n<li>a tov\u00e1bbi fontos tudnival\u00f3kat<\/li>\n<\/ul>\n\n\n\n<p>2\ufe0f\u20e3 Az e-mailben szerepl\u0151 hat\u00e1rid\u0151k szerint az <strong>el\u0151leg befizet\u00e9s\u00e9vel<\/strong> a t\u00e1bori hely v\u00e9glegess\u00e9 v\u00e1lik<\/p>\n\n\n\n<p>3\ufe0f\u20e3 A <strong>teljes r\u00e9szv\u00e9teli d\u00edj<\/strong> befizet\u00e9s\u00e9re a t\u00e1bor kezdete el\u0151tt meghat\u00e1rozott hat\u00e1rid\u0151ig ker\u00fcl sor<\/p>\n\n\n\n<p>\ud83d\udce9 Amennyiben a jelentkez\u00e9st k\u00f6vet\u0151en <strong>nem \u00e9rkezik visszaigazol\u00e1s<\/strong>, k\u00e9rj\u00fck, ellen\u0151rizz\u00e9k a spam mapp\u00e1t, vagy vegy\u00e9k fel vel\u00fcnk a kapcsolatot.<\/p>\n\n\n\n<hr class=\"wp-block-separator has-alpha-channel-opacity\"\/>\n\n\n\n<h3 class=\"wp-block-heading\">\ud83d\udd14 Fontos!<\/h3>\n\n\n\n<p>A jelentkez\u00e9s sor\u00e1n megadott e-mail c\u00edmre k\u00fcld\u00fcnk minden tov\u00e1bbi inform\u00e1ci\u00f3t, ez\u00e9rt k\u00e9rj\u00fck, <strong>rendszeresen ellen\u0151rizz\u00e9k postal\u00e1d\u00e1jukat<\/strong>.<\/p>\n","protected":false},"excerpt":{"rendered":"<p>\u2b50 Jelentkez\u00e9s \/ Regisztr\u00e1ci\u00f3 A jelentkez\u00e9s gyors, egyszer\u0171 \u00e9s k\u00f6telezetts\u00e9g n\u00e9lk\u00fcli.Az online \u0171rlap kit\u00f6lt\u00e9se m\u00e9g nem jelent automatikus helyfoglal\u00e1st, kiz\u00e1r\u00f3lag el\u0151regisztr\u00e1ci\u00f3. \ud83d\udcdd Online jelentkez\u00e9si \u0171rlap A t\u00e1borba val\u00f3 jelentkez\u00e9s az online jelentkez\u00e9si \u0171rlap kit\u00f6lt\u00e9s\u00e9vel t\u00f6rt\u00e9nik. El\u0151regisztr\u00e1lni ide kattintva lehet! Az el\u0151regisztr\u00e1ci\u00f3 nem j\u00e1r k\u00f6telezetts\u00e9ggel. Regisztr\u00e1ci\u00f3 ut\u00e1n k\u00fcldj\u00fck a r\u00e9szletes tudnival\u00f3kat, programokat. Az \u0171rlapon az al\u00e1bbi adatokat k\u00e9rj\u00fck megadni: \ud83d\udc49 Az \u0171rlap kit\u00f6lt\u00e9se nem j\u00e1r fizet\u00e9si k\u00f6telezetts\u00e9ggel. \u2139\ufe0f Fontos tudnival\u00f3k \ud83d\udccc K\u00e9rj\u00fck, hogy az \u0171rlapon minden fontos inform\u00e1ci\u00f3t pontosan t\u00f6ltsenek ki, hogy a gyermek a lehet\u0151 legnagyobb biztons\u00e1gban vehessen r\u00e9szt a t\u00e1borban. \ud83d\udce7 Visszaigazol\u00e1s menete Az online jelentkez\u00e9st k\u00f6vet\u0151en: 1\ufe0f\u20e3 A sz\u00fcl\u0151 visszaigazol\u00f3 e-mailt kap, amely tartalmazza: 2\ufe0f\u20e3 Az e-mailben szerepl\u0151 hat\u00e1rid\u0151k szerint az el\u0151leg befizet\u00e9s\u00e9vel a t\u00e1bori hely v\u00e9glegess\u00e9 v\u00e1lik 3\ufe0f\u20e3 A teljes r\u00e9szv\u00e9teli d\u00edj befizet\u00e9s\u00e9re a t\u00e1bor kezdete el\u0151tt meghat\u00e1rozott hat\u00e1rid\u0151ig ker\u00fcl sor \ud83d\udce9 Amennyiben a jelentkez\u00e9st k\u00f6vet\u0151en nem \u00e9rkezik visszaigazol\u00e1s, k\u00e9rj\u00fck, ellen\u0151rizz\u00e9k a spam mapp\u00e1t, vagy vegy\u00e9k fel vel\u00fcnk a kapcsolatot. \ud83d\udd14 Fontos! A jelentkez\u00e9s sor\u00e1n megadott e-mail c\u00edmre k\u00fcld\u00fcnk minden tov\u00e1bbi inform\u00e1ci\u00f3t, ez\u00e9rt k\u00e9rj\u00fck, rendszeresen ellen\u0151rizz\u00e9k postal\u00e1d\u00e1jukat.<\/p>\n","protected":false},"author":1,"featured_media":0,"parent":0,"menu_order":0,"comment_status":"closed","ping_status":"closed","template":"","meta":{"footnotes":""},"class_list":["post-35","page","type-page","status-publish","hentry"],"_links":{"self":[{"href":"https:\/\/argosnyaritabor.hu\/index.php?rest_route=\/wp\/v2\/pages\/35","targetHints":{"allow":["GET"]}}],"collection":[{"href":"https:\/\/argosnyaritabor.hu\/index.php?rest_route=\/wp\/v2\/pages"}],"about":[{"href":"https:\/\/argosnyaritabor.hu\/index.php?rest_route=\/wp\/v2\/types\/page"}],"author":[{"embeddable":true,"href":"https:\/\/argosnyaritabor.hu\/index.php?rest_route=\/wp\/v2\/users\/1"}],"replies":[{"embeddable":true,"href":"https:\/\/argosnyaritabor.hu\/index.php?rest_route=%2Fwp%2Fv2%2Fcomments&post=35"}],"version-history":[{"count":2,"href":"https:\/\/argosnyaritabor.hu\/index.php?rest_route=\/wp\/v2\/pages\/35\/revisions"}],"predecessor-version":[{"id":94,"href":"https:\/\/argosnyaritabor.hu\/index.php?rest_route=\/wp\/v2\/pages\/35\/revisions\/94"}],"wp:attachment":[{"href":"https:\/\/argosnyaritabor.hu\/index.php?rest_route=%2Fwp%2Fv2%2Fmedia&parent=35"}],"curies":[{"name":"wp","href":"https:\/\/api.w.org\/{rel}","templated":true}]}}