{"id":23,"date":"2026-01-22T23:04:23","date_gmt":"2026-01-22T22:04:23","guid":{"rendered":"http:\/\/argosnyaritabor.hu\/?page_id=23"},"modified":"2026-01-25T21:42:42","modified_gmt":"2026-01-25T20:42:42","slug":"turnusok-idopontok","status":"publish","type":"page","link":"https:\/\/argosnyaritabor.hu\/?page_id=23","title":{"rendered":"Turnusok &amp; Id\u0151pontok &amp; R\u00e9szv\u00e9teli d\u00edjak"},"content":{"rendered":"\n<p><strong>Helysz\u00edn:<\/strong><\/p>\n\n\n\n<p>Argos Kutyaiskola \u2013 Kecskem\u00e9t, Szolnoki hegy 94\/D<\/p>\n\n\n\n<p><strong>Id\u0151pontok \u00e9s r\u00e9szletek:<\/strong><\/p>\n\n\n\n<p>A t\u00e1bor h\u00e9tf\u0151t\u0151l p\u00e9ntekig, minden nap 8:00\u201316:00-ig tart.<\/p>\n\n\n\n<p><strong>T\u00e1bori p\u00f3l\u00f3 (opcion\u00e1lis):<\/strong><\/p>\n\n\n\n<ul class=\"wp-block-list\">\n<li><strong>6.000 Ft \/ db<\/strong>, el\u0151rendel\u00e9ssel<\/li>\n<\/ul>\n\n\n\n<p>_________________________________________________________________________________________<\/p>\n\n\n\n<p>Tavaszi t\u00e1bor:&nbsp;<\/p>\n\n\n\n<p>2026.04.07 &#8211; 2026.04.10.<\/p>\n\n\n\n<p><strong>A t\u00e1bor d\u00edja: 53..000 ft<\/strong><\/p>\n\n\n\n<p><strong>_____________________________________________________________________________________<\/strong><\/p>\n\n\n\n<p><strong>Ny\u00e1ri t\u00e1bor:<\/strong><\/p>\n\n\n\n<p>2026.06.29. &#8211; 2026.07.03.<\/p>\n\n\n\n<p>2026.07.06. &#8211; 2026.07.10.<\/p>\n\n\n\n<p>2026.07.13. &#8211; 2026.07.17.<\/p>\n\n\n\n<p>2026.07.27. &#8211; 2026.07.31. 12+ -os&nbsp;\u00e9vesek t\u00e1bora \u2013 Nagyok t\u00e1bora<\/p>\n\n\n\n<p>2026.08.03. &#8211; 2026.08.07.&nbsp;<\/p>\n\n\n\n<p>2026.08.10. &#8211; 2026.08.14.<\/p>\n\n\n\n<p><strong>A t\u00e1bor d\u00edja: 65.000 ft<\/strong><\/p>\n\n\n\n<p><strong>_____________________________________________________________________________________<\/strong><\/p>\n\n\n\n<p><strong>\u0150szi t\u00e1bor:<\/strong><\/p>\n\n\n\n<p>2026.10.26. &#8211; 2026.10.30.&nbsp;<\/p>\n\n\n\n<p><strong>A t\u00e1bor d\u00edja: 65.000 ft<\/strong><\/p>\n\n\n\n<p>\ud83d\udcdd El\u0151regisztr\u00e1ci\u00f3 (nem j\u00e1r k\u00f6telezetts\u00e9ggel):<\/p>\n\n\n\n<p>A kit\u00f6lt\u00e9s ut\u00e1n e-mailben k\u00fcldj\u00fck a r\u00e9szletes programle\u00edr\u00e1st.<\/p>\n\n\n\n<p class=\"has-medium-font-size\"><strong><code><a href=\"https:\/\/docs.google.com\/forms\/d\/1dxMFw_xUDn5r92eH_GlfBiE0yIu-xZXclLLab89FzH8\/edit?fbclid=IwY2xjawPf7PFleHRuA2FlbQIxMABicmlkETBNWmpweWVVWFpsN1NZZ0U4c3J0YwZhcHBfaWQQMjIyMDM5MTc4ODIwMDg5MgABHio8OKCfwn37UYCL9G5QNg4YZVlyspq_wZLYWJCxMsahTDjnfx1N9dQnHLK6_aem_49qJHIEFJe7cLhWLY1a5iQ\" data-type=\"link\" data-id=\"https:\/\/docs.google.com\/forms\/d\/1dxMFw_xUDn5r92eH_GlfBiE0yIu-xZXclLLab89FzH8\/edit?fbclid=IwY2xjawPf7PFleHRuA2FlbQIxMABicmlkETBNWmpweWVVWFpsN1NZZ0U4c3J0YwZhcHBfaWQQMjIyMDM5MTc4ODIwMDg5MgABHio8OKCfwn37UYCL9G5QNg4YZVlyspq_wZLYWJCxMsahTDjnfx1N9dQnHLK6_aem_49qJHIEFJe7cLhWLY1a5iQ\" target=\"_blank\" rel=\"noreferrer noopener\">El\u0151regisztr\u00e1lni ide kattintva lehet!<\/a><\/code><\/strong><\/p>\n\n\n\n<p><\/p>\n\n\n\n<h2 class=\"wp-block-heading\">Mit tartalmaz az \u00e1r?<\/h2>\n\n\n\n<p>A r\u00e9szv\u00e9teli d\u00edj az al\u00e1bbiakat foglalja mag\u00e1ban:<\/p>\n\n\n\n<ul class=\"wp-block-list\">\n<li><strong>\u00c9ttermI eb\u00e9d<\/strong><\/li>\n\n\n\n<li><strong>T\u00edz\u00f3rai:<\/strong> BelVita keksz<\/li>\n\n\n\n<li><strong>Korl\u00e1tlan folyad\u00e9kfogyaszt\u00e1s:<\/strong><br>iv\u00f3v\u00edz, sz\u00e9nsavas v\u00edz, sz\u00f6rp<\/li>\n\n\n\n<li><strong>Valamennyi szakmai \u00e9s \u00e9lm\u00e9nyprogram<\/strong><\/li>\n\n\n\n<li><strong>Napk\u00f6zbeni utaz\u00e1sok<\/strong> a programokhoz<\/li>\n\n\n\n<li><strong>Bel\u00e9p\u0151k \u00e9s k\u00fcls\u0151s programok k\u00f6lts\u00e9gei<\/strong><\/li>\n\n\n\n<li><strong>Eszk\u00f6z\u00f6k, j\u00e1t\u00e9kok, foglalkoz\u00e1sok teljes anyagk\u00f6lts\u00e9ge<\/strong><\/li>\n\n\n\n<li><strong>Folyamatos fel\u00fcgyelet<\/strong>, kis csoportos rendszerben<\/li>\n<\/ul>\n\n\n\n<p>Rejtett k\u00f6lts\u00e9g nincs, a felsorolt programok mind benne vannak az \u00e1rban.<\/p>\n\n\n\n<hr class=\"wp-block-separator has-alpha-channel-opacity\"\/>\n\n\n\n<h2 class=\"wp-block-heading\">Fizet\u00e9s menete<\/h2>\n\n\n\n<ul class=\"wp-block-list\">\n<li>Az <strong>el\u0151regisztr\u00e1ci\u00f3 k\u00f6telezetts\u00e9g n\u00e9lk\u00fcli<\/strong>, \u00f6nmag\u00e1ban <strong>nem jelent helyfoglal\u00e1st<\/strong>.<\/li>\n\n\n\n<li>A t\u00e1bori hely <strong>el\u0151leg befizet\u00e9s\u00e9vel<\/strong> v\u00e1lik v\u00e9glegess\u00e9.<\/li>\n\n\n\n<li>A <strong>teljes r\u00e9szv\u00e9teli d\u00edj befizet\u00e9se<\/strong> legk\u00e9s\u0151bb<br><strong>a t\u00e1bor kezdete el\u0151tt 30 nappal esed\u00e9kes<\/strong>.<\/li>\n<\/ul>\n\n\n\n<p>A jelentkez\u00e9st k\u00f6vet\u0151en minden sz\u00fcl\u0151 <strong>\u00edr\u00e1sos visszaigazol\u00e1st<\/strong> kap a fizet\u00e9si hat\u00e1rid\u0151kr\u0151l \u00e9s r\u00e9szletekr\u0151l.<\/p>\n\n\n\n<hr class=\"wp-block-separator has-alpha-channel-opacity\"\/>\n\n\n\n<h2 class=\"wp-block-heading\">El\u0151leg \u00e9s lemond\u00e1si felt\u00e9telek<\/h2>\n\n\n\n<ul class=\"wp-block-list\">\n<li>A t\u00e1bori helyek sz\u00e1ma korl\u00e1tozott, ez\u00e9rt <strong>el\u0151leggel foglalhat\u00f3k<\/strong>.<\/li>\n\n\n\n<li>Lemond\u00e1s \u00e9s m\u00f3dos\u00edt\u00e1s felt\u00e9telei az <strong>\u00c1ltal\u00e1nos Szerz\u0151d\u00e9si Felt\u00e9telek (\u00c1SZF)<\/strong> szerint t\u00f6rt\u00e9nnek.<\/li>\n\n\n\n<li>A lemond\u00e1si hat\u00e1rid\u0151k betart\u00e1sa eset\u00e9n <strong>r\u00e9szleges vagy teljes visszat\u00e9r\u00edt\u00e9sre<\/strong> van lehet\u0151s\u00e9g.<\/li>\n<\/ul>\n\n\n\n<p>A r\u00e9szletes szab\u00e1lyokat az \u00c1SZF tartalmazza, amely a jelentkez\u00e9s sor\u00e1n elfogad\u00e1sra ker\u00fcl<\/p>\n\n\n\n<p><\/p>\n","protected":false},"excerpt":{"rendered":"<p>Helysz\u00edn: Argos Kutyaiskola \u2013 Kecskem\u00e9t, Szolnoki hegy 94\/D Id\u0151pontok \u00e9s r\u00e9szletek: A t\u00e1bor h\u00e9tf\u0151t\u0151l p\u00e9ntekig, minden nap 8:00\u201316:00-ig tart. T\u00e1bori p\u00f3l\u00f3 (opcion\u00e1lis): _________________________________________________________________________________________ Tavaszi t\u00e1bor:&nbsp; 2026.04.07 &#8211; 2026.04.10. A t\u00e1bor d\u00edja: 53..000 ft _____________________________________________________________________________________ Ny\u00e1ri t\u00e1bor: 2026.06.29. &#8211; 2026.07.03. 2026.07.06. &#8211; 2026.07.10. 2026.07.13. &#8211; 2026.07.17. 2026.07.27. &#8211; 2026.07.31. 12+ -os&nbsp;\u00e9vesek t\u00e1bora \u2013 Nagyok t\u00e1bora 2026.08.03. &#8211; 2026.08.07.&nbsp; 2026.08.10. &#8211; 2026.08.14. A t\u00e1bor d\u00edja: 65.000 ft _____________________________________________________________________________________ \u0150szi t\u00e1bor: 2026.10.26. &#8211; 2026.10.30.&nbsp; A t\u00e1bor d\u00edja: 65.000 ft \ud83d\udcdd El\u0151regisztr\u00e1ci\u00f3 (nem j\u00e1r k\u00f6telezetts\u00e9ggel): A kit\u00f6lt\u00e9s ut\u00e1n e-mailben k\u00fcldj\u00fck a r\u00e9szletes programle\u00edr\u00e1st. El\u0151regisztr\u00e1lni ide kattintva lehet! Mit tartalmaz az \u00e1r? A r\u00e9szv\u00e9teli d\u00edj az al\u00e1bbiakat foglalja mag\u00e1ban: Rejtett k\u00f6lts\u00e9g nincs, a felsorolt programok mind benne vannak az \u00e1rban. Fizet\u00e9s menete A jelentkez\u00e9st k\u00f6vet\u0151en minden sz\u00fcl\u0151 \u00edr\u00e1sos visszaigazol\u00e1st kap a fizet\u00e9si hat\u00e1rid\u0151kr\u0151l \u00e9s r\u00e9szletekr\u0151l. El\u0151leg \u00e9s lemond\u00e1si felt\u00e9telek A r\u00e9szletes szab\u00e1lyokat az \u00c1SZF tartalmazza, amely a jelentkez\u00e9s sor\u00e1n elfogad\u00e1sra ker\u00fcl<\/p>\n","protected":false},"author":1,"featured_media":0,"parent":0,"menu_order":0,"comment_status":"closed","ping_status":"closed","template":"","meta":{"footnotes":""},"class_list":["post-23","page","type-page","status-publish","hentry"],"_links":{"self":[{"href":"https:\/\/argosnyaritabor.hu\/index.php?rest_route=\/wp\/v2\/pages\/23","targetHints":{"allow":["GET"]}}],"collection":[{"href":"https:\/\/argosnyaritabor.hu\/index.php?rest_route=\/wp\/v2\/pages"}],"about":[{"href":"https:\/\/argosnyaritabor.hu\/index.php?rest_route=\/wp\/v2\/types\/page"}],"author":[{"embeddable":true,"href":"https:\/\/argosnyaritabor.hu\/index.php?rest_route=\/wp\/v2\/users\/1"}],"replies":[{"embeddable":true,"href":"https:\/\/argosnyaritabor.hu\/index.php?rest_route=%2Fwp%2Fv2%2Fcomments&post=23"}],"version-history":[{"count":10,"href":"https:\/\/argosnyaritabor.hu\/index.php?rest_route=\/wp\/v2\/pages\/23\/revisions"}],"predecessor-version":[{"id":127,"href":"https:\/\/argosnyaritabor.hu\/index.php?rest_route=\/wp\/v2\/pages\/23\/revisions\/127"}],"wp:attachment":[{"href":"https:\/\/argosnyaritabor.hu\/index.php?rest_route=%2Fwp%2Fv2%2Fmedia&parent=23"}],"curies":[{"name":"wp","href":"https:\/\/api.w.org\/{rel}","templated":true}]}}